{"id":425,"date":"2025-09-09T09:36:56","date_gmt":"2025-09-09T09:36:56","guid":{"rendered":"https:\/\/smartaxromania.com\/?page_id=425"},"modified":"2025-09-10T07:44:20","modified_gmt":"2025-09-10T07:44:20","slug":"conditions-generales","status":"publish","type":"page","link":"https:\/\/smartaxromania.com\/fr\/conditions-generales\/","title":{"rendered":""},"content":{"rendered":"<style>.elementor-425 .elementor-element.elementor-element-404fc5f3{--display:flex;--padding-top:100px;--padding-bottom:0px;--padding-left:0px;--padding-right:0px;}.elementor-425 .elementor-element.elementor-element-f33060f{text-align:center;}.elementor-425 .elementor-element.elementor-element-f33060f .elementor-heading-title{font-size:54px;}@media(max-width:767px){.elementor-425 .elementor-element.elementor-element-404fc5f3{--padding-top:200px;--padding-bottom:0px;--padding-left:0px;--padding-right:0px;}.elementor-425 .elementor-element.elementor-element-f33060f .elementor-heading-title{font-size:35px;}}<\/style>\t\t<div data-elementor-type=\"wp-page\" data-elementor-id=\"425\" class=\"elementor elementor-425\" data-elementor-post-type=\"page\">\n\t\t\t\t<div class=\"elementor-element elementor-element-404fc5f3 e-flex e-con-boxed wpr-particle-no wpr-jarallax-no wpr-parallax-no wpr-sticky-section-no e-con e-parent\" data-id=\"404fc5f3\" data-element_type=\"container\">\n\t\t\t\t\t<div class=\"e-con-inner\">\n\t\t\t\t<div class=\"elementor-element elementor-element-f33060f elementor-widget elementor-widget-heading\" data-id=\"f33060f\" data-element_type=\"widget\" data-widget_type=\"heading.default\">\n\t\t\t\t<div class=\"elementor-widget-container\">\n\t\t\t\t\t<h2 class=\"elementor-heading-title elementor-size-default\">Conditions g\u00e9n\u00e9rales d'utilisation <\/h2>\t\t\t\t<\/div>\n\t\t\t\t<\/div>\n\t\t\t\t<div class=\"elementor-element elementor-element-4037c408 elementor-widget elementor-widget-text-editor\" data-id=\"4037c408\" data-element_type=\"widget\" data-widget_type=\"text-editor.default\">\n\t\t\t\t<div class=\"elementor-widget-container\">\n\t\t\t\t\t\t\t\t\t\n<p>Les pr\u00e9sentes conditions g\u00e9n\u00e9rales r\u00e9gissent l'utilisation du site web www.smartaxromania.com et des services fournis par Smart Tax Romania.<br \/>En acc\u00e9dant \u00e0 notre site et en utilisant nos services, vous acceptez sans r\u00e9serve les pr\u00e9sentes conditions g\u00e9n\u00e9rales.<br \/><br \/><\/p>\n\n<h2 class=\"wp-block-heading\">1. Objet<\/h2>\n\n<p><br \/>Smart Tax Romania propose des services de cr\u00e9ation de soci\u00e9t\u00e9s en Roumanie, d'optimisation fiscale, d'assistance juridique et de conseil aux entreprises.<br \/>Les pr\u00e9sentes conditions d\u00e9finissent les r\u00e8gles et conditions applicables \u00e0 l'utilisation du site web et de nos services.<br \/><br \/><\/p>\n\n<h2 class=\"wp-block-heading\">2. Acc\u00e8s au site web<\/h2>\n\n<p><br \/>L'acc\u00e8s au site est gratuit. Toutefois, certains services sont r\u00e9serv\u00e9s aux clients qui ont conclu un contrat avec Smart Tax Romania.<br \/>Nous nous r\u00e9servons le droit de suspendre, de restreindre ou d'interrompre l'acc\u00e8s au site \u00e0 tout moment, sans pr\u00e9avis, pour des raisons techniques ou de maintenance.<br \/><br \/><\/p>\n\n<h2 class=\"wp-block-heading\">3. Services offerts<\/h2>\n\n<p><br \/>Smart Tax Romania fournit, entre autres, les \u00e9l\u00e9ments suivants<br \/>- Cr\u00e9ation d'une soci\u00e9t\u00e9 en Roumanie (obtention du NIF, enregistrement \u00e0 l'ONRC, etc.).<br \/>- Ouverture d'un compte bancaire.<br \/>- Assistance comptable et fiscale.<br \/>- Immatriculation du v\u00e9hicule.<br \/>- Conseils juridiques et administratifs.<br \/><br \/>Toutes les informations pr\u00e9sent\u00e9es sur le site sont donn\u00e9es \u00e0 titre indicatif et peuvent \u00eatre modifi\u00e9es \u00e0 tout moment.<br \/><br \/><\/p>\n\n<h2 class=\"wp-block-heading\">4. Obligations de l'utilisateur<\/h2>\n\n<p><br \/>L'utilisateur s'engage \u00e0 :<br \/>- Fournir des informations exactes et \u00e0 jour lors de toute demande.<br \/>- Utiliser le site dans le respect des lois applicables.<br \/>- Ne pas compromettre la s\u00e9curit\u00e9 ou le bon fonctionnement du site.<br \/><br \/><\/p>\n\n<h2 class=\"wp-block-heading\">5. Responsabilit\u00e9<\/h2>\n\n<p><br \/>Smart Tax Romania s'efforce d'assurer l'exactitude des informations sur le site. Cependant, nous ne pouvons pas \u00eatre tenus pour responsables :<br \/>- Erreurs ou omissions \u00e9ventuelles.<br \/>- Indisponibilit\u00e9 temporaire du site.<br \/>- Les dommages directs ou indirects r\u00e9sultant de l'utilisation du site.<br \/><br \/>La responsabilit\u00e9 de Smart Tax Romania ne peut pas d\u00e9passer le montant du service contract\u00e9 par le client.<br \/><br \/><\/p>\n\n<h2 class=\"wp-block-heading\">6. Propri\u00e9t\u00e9 intellectuelle<\/h2>\n\n<p><br \/>Tout le contenu du site (textes, images, logos, graphisme) est prot\u00e9g\u00e9 par le droit de la propri\u00e9t\u00e9 intellectuelle.<br \/>Toute reproduction, distribution ou utilisation sans autorisation \u00e9crite pr\u00e9alable est interdite.<br \/><br \/><\/p>\n\n<h2 class=\"wp-block-heading\">7. Tarification et paiement<\/h2>\n\n<p><br \/>Les tarifs applicables \u00e0 nos services sont fournis sur demande ou lors de la conclusion d'un contrat.<br \/>Le paiement doit \u00eatre effectu\u00e9 conform\u00e9ment aux conditions contractuelles convenues.<br \/><br \/><\/p>\n\n<h2 class=\"wp-block-heading\">8. R\u00e9siliation<\/h2>\n\n<p><br \/>Chaque partie peut r\u00e9silier le contrat en cas de manquement grave de l'autre partie, apr\u00e8s une mise en demeure rest\u00e9e sans effet pendant 30 jours.<br \/><br \/><\/p>\n\n<h2 class=\"wp-block-heading\">9. Droit applicable et juridiction<\/h2>\n\n<p><br \/>Ces conditions sont r\u00e9gies par le droit roumain.<br \/>Tout litige relatif \u00e0 leur interpr\u00e9tation ou \u00e0 leur ex\u00e9cution sera soumis aux tribunaux comp\u00e9tents de Bucarest.<br \/><br \/><\/p>\n\n<h2 class=\"wp-block-heading\">10. Contact<\/h2>\n\n<p>Pour toute question concernant ces conditions, vous pouvez nous contacter \u00e0 l'adresse suivante :<br \/>Courriel : info@smartaxromania.com<br \/>T\u00e9l\u00e9phone : +40 799 985 934 +40 799 985 934<\/p>\n\n<p>\u00a0<\/p>\n\t\t\t\t\t\t\t\t<\/div>\n\t\t\t\t<\/div>\n\t\t\t\t\t<\/div>\n\t\t\t\t<\/div>\n\t\t\t\t<\/div>","protected":false},"excerpt":{"rendered":"<p>Terms and Conditions These Terms and Conditions govern the use of the website www.smartaxromania.com and the services provided by Smart Tax Romania.By accessing our site and using our services, you unreservedly accept these general conditions. 1. Purpose Smart Tax Romania provides services for company formation in Romania, tax optimization, legal assistance, and business consulting.These terms define the rules and conditions applicable to the use of the website and our services. 2. Website Access Access to the site is free of charge. However, some services are reserved for clients who have entered into a contract with Smart Tax Romania.We reserve the right to suspend, restrict, or interrupt site access at any time, without notice, for technical or maintenance reasons. 3. Services Offered Smart Tax Romania provides, among others:&#8211; Company formation in Romania (obtaining NIF, ONRC registration, etc.).&#8211; Bank account opening.&#8211; Accounting and tax assistance.&#8211; Vehicle registration.&#8211; Legal and administrative advice. All information presented on the site is for information purposes only and may be modified at any time. 4. User Obligations The user agrees to:&#8211; Provide accurate and up-to-date information when making any request.&#8211; Use the site in compliance with applicable laws.&#8211; Not compromise the security or proper functioning of the site. 5. Liability Smart Tax Romania makes every effort to ensure the accuracy of information on the site. However, we cannot be held responsible for:&#8211; Possible errors or omissions.&#8211; Temporary site unavailability.&#8211; Direct or indirect damages resulting from site use. Smart Tax Romania\u2019s liability shall not exceed the amount of the service contracted by the client. 6. Intellectual Property All site content (texts, images, logos, graphic design) is protected by intellectual property law.Any reproduction, distribution, or use without prior written authorization is prohibited. 7. Pricing and Payment The fees applicable to our services are provided upon request or when entering into a contract.Payment must be made according to the contractual terms agreed upon. 8. Termination Each party may terminate the contract in the event of a serious breach by the other party, after formal notice remains without effect for 30 days. 9. Governing Law and Jurisdiction These terms are governed by Romanian law.Any dispute relating to their interpretation or execution shall be submitted to the competent courts of Bucharest. 10. Contact For any questions regarding these terms, you can contact us at:Email: info@smartaxromania.comPhone: +40 799 985 934 \u00a0<\/p>","protected":false},"author":3,"featured_media":0,"parent":0,"menu_order":0,"comment_status":"closed","ping_status":"closed","template":"","meta":{"footnotes":""},"class_list":["post-425","page","type-page","status-publish","hentry"],"acf":[],"_links":{"self":[{"href":"https:\/\/smartaxromania.com\/fr\/wp-json\/wp\/v2\/pages\/425","targetHints":{"allow":["GET"]}}],"collection":[{"href":"https:\/\/smartaxromania.com\/fr\/wp-json\/wp\/v2\/pages"}],"about":[{"href":"https:\/\/smartaxromania.com\/fr\/wp-json\/wp\/v2\/types\/page"}],"author":[{"embeddable":true,"href":"https:\/\/smartaxromania.com\/fr\/wp-json\/wp\/v2\/users\/3"}],"replies":[{"embeddable":true,"href":"https:\/\/smartaxromania.com\/fr\/wp-json\/wp\/v2\/comments?post=425"}],"version-history":[{"count":17,"href":"https:\/\/smartaxromania.com\/fr\/wp-json\/wp\/v2\/pages\/425\/revisions"}],"predecessor-version":[{"id":483,"href":"https:\/\/smartaxromania.com\/fr\/wp-json\/wp\/v2\/pages\/425\/revisions\/483"}],"wp:attachment":[{"href":"https:\/\/smartaxromania.com\/fr\/wp-json\/wp\/v2\/media?parent=425"}],"curies":[{"name":"wp","href":"https:\/\/api.w.org\/{rel}","templated":true}]}}